{"id":30,"date":"2020-04-22T03:23:10","date_gmt":"2020-04-22T02:23:10","guid":{"rendered":"http:\/\/neumocap.cl\/?page_id=30"},"modified":"2025-01-21T20:21:53","modified_gmt":"2025-01-21T23:21:53","slug":"inicio","status":"publish","type":"page","link":"https:\/\/neumocap.cl\/","title":{"rendered":"Inicio"},"content":{"rendered":"\t\t<div data-elementor-type=\"wp-page\" data-elementor-id=\"30\" class=\"elementor elementor-30\" data-elementor-post-type=\"page\">\n\t\t\t\t\t\t<section class=\"elementor-section elementor-top-section elementor-element elementor-element-03899a1 elementor-section-boxed elementor-section-height-default elementor-section-height-default\" data-id=\"03899a1\" data-element_type=\"section\">\n\t\t\t\t\t\t<div class=\"elementor-container elementor-column-gap-default\">\n\t\t\t\t\t<div class=\"elementor-column elementor-col-100 elementor-top-column elementor-element elementor-element-a8cb34b\" data-id=\"a8cb34b\" data-element_type=\"column\">\n\t\t\t<div class=\"elementor-widget-wrap elementor-element-populated\">\n\t\t\t\t\t\t<div class=\"elementor-element elementor-element-16167b7 elementor-pagination-position-outside elementor--h-position-center elementor--v-position-middle elementor-arrows-position-inside elementor-widget elementor-widget-slides\" data-id=\"16167b7\" data-element_type=\"widget\" data-settings=\"{&quot;transition_speed&quot;:1000,&quot;navigation&quot;:&quot;both&quot;,&quot;autoplay&quot;:&quot;yes&quot;,&quot;pause_on_hover&quot;:&quot;yes&quot;,&quot;pause_on_interaction&quot;:&quot;yes&quot;,&quot;autoplay_speed&quot;:5000,&quot;infinite&quot;:&quot;yes&quot;,&quot;transition&quot;:&quot;slide&quot;}\" data-widget_type=\"slides.default\">\n\t\t\t\t<div class=\"elementor-widget-container\">\n\t\t\t\t\t\t\t\t\t<div class=\"elementor-swiper\">\n\t\t\t\t\t<div class=\"elementor-slides-wrapper elementor-main-swiper swiper\" role=\"region\" aria-roledescription=\"carousel\" aria-label=\"Slides\" dir=\"ltr\" data-animation=\"fadeInUp\">\n\t\t\t\t<div class=\"swiper-wrapper elementor-slides\">\n\t\t\t\t\t\t\t\t\t\t<div class=\"elementor-repeater-item-3b6dc13 swiper-slide\" role=\"group\" aria-roledescription=\"slide\"><div class=\"swiper-slide-bg\" role=\"img\" aria-label=\"EnfermedadesRespiratorias\"><\/div><div class=\"elementor-background-overlay\"><\/div><a class=\"swiper-slide-inner\" href=\"https:\/\/neumocap.cl\/?page_id=94\"><div class=\"swiper-slide-contents\"><div class=\"elementor-slide-heading\">Enfermedades Respiratorias del Adulto ERA<\/div><div class=\"elementor-slide-description\">Patrocina y certifica: Colegio de Kinesiologos <br\/>\nAgosto - Septiembre 2025 |\nCurso 100% ONLINE <br\/><\/div><div  class=\"elementor-button elementor-slide-button elementor-size-md\">M\u00e1s Informaci\u00f3n<\/div><\/div><\/a><\/div><div class=\"elementor-repeater-item-aad2a40 swiper-slide\" role=\"group\" aria-roledescription=\"slide\"><div class=\"swiper-slide-bg\" role=\"img\" aria-label=\"kinesiolog\u00eda_respiratoria_tres-770x578\"><\/div><div class=\"elementor-background-overlay\"><\/div><a class=\"swiper-slide-inner\" href=\"https:\/\/neumocap.cl\/?page_id=146\"><div class=\"swiper-slide-contents\"><div class=\"elementor-slide-heading\">Infecciones Respiratorias Agudas IRA<\/div><div class=\"elementor-slide-description\">Patrocina y certifica: Colegio de Kinesiologos <br\/>\nAgosto - Septiembre 2025 |\nCurso 100% ONLINE <br\/><\/div><div  class=\"elementor-button elementor-slide-button elementor-size-md\">M\u00e1s Informaci\u00f3n<\/div><\/div><\/a><\/div><div class=\"elementor-repeater-item-f4a1389 swiper-slide\" role=\"group\" aria-roledescription=\"slide\"><div class=\"swiper-slide-bg\" role=\"img\" aria-label=\"Imagen1\"><\/div><div class=\"elementor-background-overlay\"><\/div><a class=\"swiper-slide-inner\" href=\"https:\/\/neumocap.cl\/?page_id=299\"><div class=\"swiper-slide-contents\"><div class=\"elementor-slide-heading\">Curso rehabilitaci\u00f3n respiratoria post Covid-19<\/div><div class=\"elementor-slide-description\">Curso 100% ONLINE <br\/><\/div><div  class=\"elementor-button elementor-slide-button elementor-size-md\">M\u00e1s Informaci\u00f3n<\/div><\/div><\/a><\/div><div class=\"elementor-repeater-item-27d19b9 swiper-slide\" role=\"group\" aria-roledescription=\"slide\"><div class=\"swiper-slide-bg\" role=\"img\" aria-label=\"kinesiolog\u00eda_respiratoria_tres-770x578\"><\/div><div class=\"elementor-background-overlay\"><\/div><a class=\"swiper-slide-inner\" href=\"https:\/\/neumocap.cl\/?page_id=491\"><div class=\"swiper-slide-contents\"><div class=\"elementor-slide-heading\">Infecciones Respiratorias Agudas IRA <br\/> PRESENCIAL CONCEPCI\u00d3N<\/div><div class=\"elementor-slide-description\">17 Abril 2025 |\nPresencial en Concepci\u00f3n <br\/><\/div><div  class=\"elementor-button elementor-slide-button elementor-size-md\">M\u00e1s Informaci\u00f3n<\/div><\/div><\/a><\/div>\t\t\t\t<\/div>\n\t\t\t\t\t\t\t\t\t\t\t\t\t\t\t<div class=\"elementor-swiper-button elementor-swiper-button-prev\" role=\"button\" tabindex=\"0\" aria-label=\"Previous slide\">\n\t\t\t\t\t\t\t<i aria-hidden=\"true\" class=\"eicon-chevron-left\"><\/i>\t\t\t\t\t\t<\/div>\n\t\t\t\t\t\t<div class=\"elementor-swiper-button elementor-swiper-button-next\" role=\"button\" tabindex=\"0\" aria-label=\"Next slide\">\n\t\t\t\t\t\t\t<i aria-hidden=\"true\" class=\"eicon-chevron-right\"><\/i>\t\t\t\t\t\t<\/div>\n\t\t\t\t\t\t\t\t\t\t\t\t\t\t\t\t<div class=\"swiper-pagination\"><\/div>\n\t\t\t\t\t\t\t\t\t\t\t\t<\/div>\n\t\t\t\t<\/div>\n\t\t\t\t\t\t\t\t<\/div>\n\t\t\t\t<\/div>\n\t\t\t\t\t<\/div>\n\t\t<\/div>\n\t\t\t\t\t<\/div>\n\t\t<\/section>\n\t\t\t\t<section class=\"elementor-section elementor-top-section elementor-element elementor-element-2b10079 elementor-section-boxed elementor-section-height-default elementor-section-height-default\" data-id=\"2b10079\" data-element_type=\"section\">\n\t\t\t\t\t\t<div class=\"elementor-container elementor-column-gap-default\">\n\t\t\t\t\t<div class=\"elementor-column elementor-col-50 elementor-top-column elementor-element elementor-element-46e78b4\" data-id=\"46e78b4\" data-element_type=\"column\">\n\t\t\t<div class=\"elementor-widget-wrap elementor-element-populated\">\n\t\t\t\t\t\t<div class=\"elementor-element elementor-element-02b22e3 elementor-widget elementor-widget-heading\" data-id=\"02b22e3\" data-element_type=\"widget\" data-widget_type=\"heading.default\">\n\t\t\t\t<div class=\"elementor-widget-container\">\n\t\t\t\t\t<h2 class=\"elementor-heading-title elementor-size-default\">Ultimas Noticias<\/h2>\t\t\t\t<\/div>\n\t\t\t\t<\/div>\n\t\t\t\t<div class=\"elementor-element elementor-element-bc744cc elementor-grid-1 elementor-grid-tablet-2 elementor-grid-mobile-1 elementor-posts--thumbnail-top elementor-card-shadow-yes elementor-posts__hover-gradient elementor-widget elementor-widget-posts\" data-id=\"bc744cc\" data-element_type=\"widget\" data-settings=\"{&quot;cards_columns&quot;:&quot;1&quot;,&quot;cards_columns_tablet&quot;:&quot;2&quot;,&quot;cards_columns_mobile&quot;:&quot;1&quot;,&quot;cards_row_gap&quot;:{&quot;unit&quot;:&quot;px&quot;,&quot;size&quot;:35,&quot;sizes&quot;:[]},&quot;cards_row_gap_tablet&quot;:{&quot;unit&quot;:&quot;px&quot;,&quot;size&quot;:&quot;&quot;,&quot;sizes&quot;:[]},&quot;cards_row_gap_mobile&quot;:{&quot;unit&quot;:&quot;px&quot;,&quot;size&quot;:&quot;&quot;,&quot;sizes&quot;:[]}}\" data-widget_type=\"posts.cards\">\n\t\t\t\t<div class=\"elementor-widget-container\">\n\t\t\t\t\t\t\t<div class=\"elementor-posts-container elementor-posts elementor-posts--skin-cards elementor-grid\" role=\"list\">\n\t\t\t\t<article class=\"elementor-post elementor-grid-item post-230 post type-post status-publish format-standard has-post-thumbnail hentry category-noticias\" role=\"listitem\">\n\t\t\t<div class=\"elementor-post__card\">\n\t\t\t\t<a class=\"elementor-post__thumbnail__link\" href=\"https:\/\/neumocap.cl\/?p=230\" tabindex=\"-1\" ><div class=\"elementor-post__thumbnail\"><img fetchpriority=\"high\" decoding=\"async\" width=\"2000\" height=\"985\" src=\"https:\/\/neumocap.cl\/wp-content\/uploads\/2020\/04\/IMG_8225-e1587713294386.jpg\" class=\"attachment-full size-full wp-image-235\" alt=\"\" srcset=\"https:\/\/neumocap.cl\/wp-content\/uploads\/2020\/04\/IMG_8225-e1587713294386.jpg 2000w, https:\/\/neumocap.cl\/wp-content\/uploads\/2020\/04\/IMG_8225-e1587713294386-300x148.jpg 300w, https:\/\/neumocap.cl\/wp-content\/uploads\/2020\/04\/IMG_8225-e1587713294386-1024x504.jpg 1024w, https:\/\/neumocap.cl\/wp-content\/uploads\/2020\/04\/IMG_8225-e1587713294386-768x378.jpg 768w, https:\/\/neumocap.cl\/wp-content\/uploads\/2020\/04\/IMG_8225-e1587713294386-1536x756.jpg 1536w\" sizes=\"(max-width: 2000px) 100vw, 2000px\" \/><\/div><\/a>\n\t\t\t\t<div class=\"elementor-post__badge\">Noticias<\/div>\n\t\t\t\t<div class=\"elementor-post__text\">\n\t\t\t\t<h3 class=\"elementor-post__title\">\n\t\t\t<a href=\"https:\/\/neumocap.cl\/?p=230\" >\n\t\t\t\tTermino de Curso ERA &#8211; Abril 2020\t\t\t<\/a>\n\t\t<\/h3>\n\t\t\t\t<div class=\"elementor-post__excerpt\">\n\t\t\t<p>Con \u00e9xito se dio termino al curso que te\u00f3rico practico, de enfermedades respiratorias del adulto (ERA), que se desarroll\u00f3 del 9 al 11 y luego 16 y 17 de abril, en las salas de conferencia<\/p>\n\t\t<\/div>\n\t\t\n\t\t<a class=\"elementor-post__read-more\" href=\"https:\/\/neumocap.cl\/?p=230\" aria-label=\"Read more about Termino de Curso ERA &#8211; Abril 2020\" tabindex=\"-1\" >\n\t\t\tLeer m\u00e1s &gt;\t\t<\/a>\n\n\t\t\t\t<\/div>\n\t\t\t\t<div class=\"elementor-post__meta-data\">\n\t\t\t\t\t<span class=\"elementor-post-date\">\n\t\t\t24 Abril 2020\t\t<\/span>\n\t\t\t\t<span class=\"elementor-post-avatar\">\n\t\t\tSin Comentarios\t\t<\/span>\n\t\t\t\t<\/div>\n\t\t\t\t\t<\/div>\n\t\t<\/article>\n\t\t\t\t<article class=\"elementor-post elementor-grid-item post-53 post type-post status-publish format-standard has-post-thumbnail hentry category-noticias\" role=\"listitem\">\n\t\t\t<div class=\"elementor-post__card\">\n\t\t\t\t<a class=\"elementor-post__thumbnail__link\" href=\"https:\/\/neumocap.cl\/?p=53\" tabindex=\"-1\" ><div class=\"elementor-post__thumbnail\"><img decoding=\"async\" width=\"1287\" height=\"701\" src=\"https:\/\/neumocap.cl\/wp-content\/uploads\/2020\/04\/DSC08055-1.jpg\" class=\"attachment-full size-full wp-image-56\" alt=\"\" srcset=\"https:\/\/neumocap.cl\/wp-content\/uploads\/2020\/04\/DSC08055-1.jpg 1287w, https:\/\/neumocap.cl\/wp-content\/uploads\/2020\/04\/DSC08055-1-300x163.jpg 300w, https:\/\/neumocap.cl\/wp-content\/uploads\/2020\/04\/DSC08055-1-1024x558.jpg 1024w, https:\/\/neumocap.cl\/wp-content\/uploads\/2020\/04\/DSC08055-1-768x418.jpg 768w\" sizes=\"(max-width: 1287px) 100vw, 1287px\" \/><\/div><\/a>\n\t\t\t\t<div class=\"elementor-post__badge\">Noticias<\/div>\n\t\t\t\t<div class=\"elementor-post__text\">\n\t\t\t\t<h3 class=\"elementor-post__title\">\n\t\t\t<a href=\"https:\/\/neumocap.cl\/?p=53\" >\n\t\t\t\tCurso Enfermedades Respiratorias en Adultos ERA &#8211; Abril 2020\t\t\t<\/a>\n\t\t<\/h3>\n\t\t\t\t<div class=\"elementor-post__excerpt\">\n\t\t\t<p>Con \u00e9xito fue llevado a cabo el curso de Enfermedades Respiratorias del Adulto ERA, llevado a cabo en Working Place, ubicado en el centro de Concepci\u00f3n entre el 8 y 16 de abril del presente<\/p>\n\t\t<\/div>\n\t\t\n\t\t<a class=\"elementor-post__read-more\" href=\"https:\/\/neumocap.cl\/?p=53\" aria-label=\"Read more about Curso Enfermedades Respiratorias en Adultos ERA &#8211; Abril 2020\" tabindex=\"-1\" >\n\t\t\tLeer m\u00e1s &gt;\t\t<\/a>\n\n\t\t\t\t<\/div>\n\t\t\t\t<div class=\"elementor-post__meta-data\">\n\t\t\t\t\t<span class=\"elementor-post-date\">\n\t\t\t22 Abril 2020\t\t<\/span>\n\t\t\t\t<span class=\"elementor-post-avatar\">\n\t\t\tSin Comentarios\t\t<\/span>\n\t\t\t\t<\/div>\n\t\t\t\t\t<\/div>\n\t\t<\/article>\n\t\t\t\t<\/div>\n\t\t\n\t\t\t\t\t\t<\/div>\n\t\t\t\t<\/div>\n\t\t\t\t\t<\/div>\n\t\t<\/div>\n\t\t\t\t<div class=\"elementor-column elementor-col-50 elementor-top-column elementor-element elementor-element-7b723cd\" data-id=\"7b723cd\" data-element_type=\"column\">\n\t\t\t<div class=\"elementor-widget-wrap elementor-element-populated\">\n\t\t\t\t\t\t<div class=\"elementor-element elementor-element-265dca6 elementor-widget elementor-widget-heading\" data-id=\"265dca6\" data-element_type=\"widget\" data-widget_type=\"heading.default\">\n\t\t\t\t<div class=\"elementor-widget-container\">\n\t\t\t\t\t<h2 class=\"elementor-heading-title elementor-size-default\">Proximos Cursos<\/h2>\t\t\t\t<\/div>\n\t\t\t\t<\/div>\n\t\t\t\t<div class=\"elementor-element elementor-element-cb413a8 elementor-grid-1 elementor-grid-tablet-2 elementor-grid-mobile-1 elementor-posts--thumbnail-top elementor-card-shadow-yes elementor-posts__hover-gradient elementor-widget elementor-widget-posts\" data-id=\"cb413a8\" data-element_type=\"widget\" data-settings=\"{&quot;cards_columns&quot;:&quot;1&quot;,&quot;pagination_type&quot;:&quot;numbers&quot;,&quot;cards_columns_tablet&quot;:&quot;2&quot;,&quot;cards_columns_mobile&quot;:&quot;1&quot;,&quot;cards_row_gap&quot;:{&quot;unit&quot;:&quot;px&quot;,&quot;size&quot;:35,&quot;sizes&quot;:[]},&quot;cards_row_gap_tablet&quot;:{&quot;unit&quot;:&quot;px&quot;,&quot;size&quot;:&quot;&quot;,&quot;sizes&quot;:[]},&quot;cards_row_gap_mobile&quot;:{&quot;unit&quot;:&quot;px&quot;,&quot;size&quot;:&quot;&quot;,&quot;sizes&quot;:[]}}\" data-widget_type=\"posts.cards\">\n\t\t\t\t<div class=\"elementor-widget-container\">\n\t\t\t\t\t\t\t<div class=\"elementor-posts-container elementor-posts elementor-posts--skin-cards elementor-grid\" role=\"list\">\n\t\t\t\t<article class=\"elementor-post elementor-grid-item post-491 page type-page status-publish\" role=\"listitem\">\n\t\t\t<div class=\"elementor-post__card\">\n\t\t\t\t<div class=\"elementor-post__text\">\n\t\t\t\t<h3 class=\"elementor-post__title\">\n\t\t\t<a href=\"https:\/\/neumocap.cl\/?page_id=491\" >\n\t\t\t\tCurso Presencial Infecciones Respiratorias Agudas IRA\t\t\t<\/a>\n\t\t<\/h3>\n\t\t\t\t<div class=\"elementor-post__excerpt\">\n\t\t\t\t\t<\/div>\n\t\t\n\t\t<a class=\"elementor-post__read-more\" href=\"https:\/\/neumocap.cl\/?page_id=491\" aria-label=\"Read more about Curso Presencial Infecciones Respiratorias Agudas IRA\" tabindex=\"-1\" >\n\t\t\tVer M\u00e1s \u00bb\t\t<\/a>\n\n\t\t\t\t<\/div>\n\t\t\t\t\t<\/div>\n\t\t<\/article>\n\t\t\t\t<article class=\"elementor-post elementor-grid-item post-486 page type-page status-publish\" role=\"listitem\">\n\t\t\t<div class=\"elementor-post__card\">\n\t\t\t\t<div class=\"elementor-post__text\">\n\t\t\t\t<h3 class=\"elementor-post__title\">\n\t\t\t<a href=\"https:\/\/neumocap.cl\/?page_id=486\" >\n\t\t\t\tCurso Presencial Enfermedades Respiratorias del Adulto ERA\t\t\t<\/a>\n\t\t<\/h3>\n\t\t\t\t<div class=\"elementor-post__excerpt\">\n\t\t\t\t\t<\/div>\n\t\t\n\t\t<a class=\"elementor-post__read-more\" href=\"https:\/\/neumocap.cl\/?page_id=486\" aria-label=\"Read more about Curso Presencial Enfermedades Respiratorias del Adulto ERA\" tabindex=\"-1\" >\n\t\t\tVer M\u00e1s \u00bb\t\t<\/a>\n\n\t\t\t\t<\/div>\n\t\t\t\t\t<\/div>\n\t\t<\/article>\n\t\t\t\t<\/div>\n\t\t\n\t\t\t\t<div class=\"e-load-more-anchor\" data-page=\"1\" data-max-page=\"2\" data-next-page=\"https:\/\/neumocap.cl\/index.php?rest_route=%2Fwp%2Fv2%2Fpages%2F30&#038;paged=2\"><\/div>\n\t\t\t\t<nav class=\"elementor-pagination\" aria-label=\"Pagination\">\n\t\t\t<span aria-current=\"page\" class=\"page-numbers current\"><span class=\"elementor-screen-only\">Page<\/span>1<\/span>\n<a class=\"page-numbers\" href=\"https:\/\/neumocap.cl\/index.php\/?paged=2\"><span class=\"elementor-screen-only\">Page<\/span>2<\/a>\t\t<\/nav>\n\t\t\t\t\t\t<\/div>\n\t\t\t\t<\/div>\n\t\t\t\t\t<\/div>\n\t\t<\/div>\n\t\t\t\t\t<\/div>\n\t\t<\/section>\n\t\t\t\t<\/div>\n\t\t","protected":false},"excerpt":{"rendered":"<p>Enfermedades Respiratorias del Adulto ERAPatrocina y certifica: Colegio de Kinesiologos Agosto &#8211; Septiembre 2025 | Curso 100% ONLINE M\u00e1s Informaci\u00f3nInfecciones Respiratorias Agudas IRAPatrocina y certifica: Colegio de Kinesiologos Agosto &#8211; Septiembre 2025 | Curso 100% ONLINE M\u00e1s Informaci\u00f3nCurso rehabilitaci\u00f3n respiratoria post Covid-19Curso 100% ONLINE M\u00e1s Informaci\u00f3nInfecciones Respiratorias Agudas IRA PRESENCIAL CONCEPCI\u00d3N17 Abril 2025 | Presencial &#8230; <a title=\"Curso Presencial Enfermedades Respiratorias del Adulto ERA\" class=\"read-more\" href=\"https:\/\/neumocap.cl\/?page_id=486\" aria-label=\"Leer m\u00e1s sobre Curso Presencial Enfermedades Respiratorias del Adulto ERA\">Leer m\u00e1s<\/a><\/p>\n","protected":false},"author":1,"featured_media":0,"parent":0,"menu_order":0,"comment_status":"closed","ping_status":"closed","template":"","meta":{"_joinchat":[],"footnotes":""},"class_list":["post-30","page","type-page","status-publish"],"jetpack_sharing_enabled":true,"_links":{"self":[{"href":"https:\/\/neumocap.cl\/index.php?rest_route=\/wp\/v2\/pages\/30","targetHints":{"allow":["GET"]}}],"collection":[{"href":"https:\/\/neumocap.cl\/index.php?rest_route=\/wp\/v2\/pages"}],"about":[{"href":"https:\/\/neumocap.cl\/index.php?rest_route=\/wp\/v2\/types\/page"}],"author":[{"embeddable":true,"href":"https:\/\/neumocap.cl\/index.php?rest_route=\/wp\/v2\/users\/1"}],"replies":[{"embeddable":true,"href":"https:\/\/neumocap.cl\/index.php?rest_route=%2Fwp%2Fv2%2Fcomments&post=30"}],"version-history":[{"count":57,"href":"https:\/\/neumocap.cl\/index.php?rest_route=\/wp\/v2\/pages\/30\/revisions"}],"predecessor-version":[{"id":769,"href":"https:\/\/neumocap.cl\/index.php?rest_route=\/wp\/v2\/pages\/30\/revisions\/769"}],"wp:attachment":[{"href":"https:\/\/neumocap.cl\/index.php?rest_route=%2Fwp%2Fv2%2Fmedia&parent=30"}],"curies":[{"name":"wp","href":"https:\/\/api.w.org\/{rel}","templated":true}]}}